{"id":942,"date":"2024-12-18T12:41:20","date_gmt":"2024-12-18T10:41:20","guid":{"rendered":"https:\/\/www.safala.ro\/?post_type=product&#038;p=942"},"modified":"2025-10-30T12:07:29","modified_gmt":"2025-10-30T10:07:29","slug":"alune-de-padure-coapte-invelite-in-ciocolata-alba-si-zmeura-liofilizata","status":"publish","type":"product","link":"https:\/\/safala.ro\/en\/produs\/alune-de-padure-coapte-invelite-in-ciocolata-alba-si-zmeura-liofilizata\/","title":{"rendered":"Roasted hazelnuts covered in white chocolate and organic freeze-dried raspberries powder, 140g"},"content":{"rendered":"<p>Hazelnuts, carefully picked, baked at a medium temperature, carefully wrapped in white chocolate and dusted with organic freeze-dried raspberry powder.\n\nMade from natural ingredients, no dyes, preservatives or additives. Recyclable packaging, reuse the jar in your pantry or you can send it back for a discount on your next order.\n\nIngredients: roasted hazelnuts, sugar, cocoa butter, whole milk powder, emulsifier: soy lecithin, natural vanilla flavor, organic freeze-dried raspberry powder<\/p>\n<p>Made from natural ingredients, it contains no dyes, preservatives or additives. Recyclable packaging, reuse the jar in your pantry or you can send it back for a discount on your next order.<\/p>\n<p><strong>Ingrediente<\/strong>roasted hazelnuts, sugar, cocoa butter, whole milk powder, emulsifier: soy lecithin, natural vanilla flavor, organic freeze-dried raspberry powder<\/p>","protected":false},"excerpt":{"rendered":"<p>Hazelnuts are rich in vitamin E and this makes them the best ally of a healthy skin. Vitamin E, together with vitamin A and C, are powerful antioxidants that prevent the appearance of fine lines and skin wrinkles, thus delaying the aging effect.<\/p>\n<p>One cup of hazelnuts provides about 85% of the daily requirement of vitamin E.<\/p>","protected":false},"featured_media":1217,"comment_status":"open","ping_status":"closed","template":"","meta":{"_acf_changed":false,"_uag_custom_page_level_css":""},"product_brand":[],"product_cat":[19],"product_tag":[],"class_list":{"0":"post-942","1":"product","2":"type-product","3":"status-publish","4":"has-post-thumbnail","6":"product_cat-produse-din-alune","8":"first","9":"instock","10":"taxable","11":"shipping-taxable","12":"purchasable","13":"product-type-simple"},"acf":[],"uagb_featured_image_src":{"full":["https:\/\/safala.ro\/wp-content\/uploads\/2024\/12\/Alune-Ciocolata-alba-Zmeura-copy.jpg",800,800,false],"thumbnail":["https:\/\/safala.ro\/wp-content\/uploads\/2024\/12\/Alune-Ciocolata-alba-Zmeura-copy-150x150.jpg",150,150,true],"medium":["https:\/\/safala.ro\/wp-content\/uploads\/2024\/12\/Alune-Ciocolata-alba-Zmeura-copy-300x300.jpg",300,300,true],"medium_large":["https:\/\/safala.ro\/wp-content\/uploads\/2024\/12\/Alune-Ciocolata-alba-Zmeura-copy-768x768.jpg",768,768,true],"large":["https:\/\/safala.ro\/wp-content\/uploads\/2024\/12\/Alune-Ciocolata-alba-Zmeura-copy.jpg",800,800,false],"1536x1536":["https:\/\/safala.ro\/wp-content\/uploads\/2024\/12\/Alune-Ciocolata-alba-Zmeura-copy.jpg",800,800,false],"2048x2048":["https:\/\/safala.ro\/wp-content\/uploads\/2024\/12\/Alune-Ciocolata-alba-Zmeura-copy.jpg",800,800,false],"trp-custom-language-flag":["https:\/\/safala.ro\/wp-content\/uploads\/2024\/12\/Alune-Ciocolata-alba-Zmeura-copy-12x12.jpg",12,12,true],"post-thumbnail":["https:\/\/safala.ro\/wp-content\/uploads\/2024\/12\/Alune-Ciocolata-alba-Zmeura-copy-800x510.jpg",800,510,true],"frontPage-banner":["https:\/\/safala.ro\/wp-content\/uploads\/2024\/12\/Alune-Ciocolata-alba-Zmeura-copy-580x250.jpg",580,250,true],"listing_blog":["https:\/\/safala.ro\/wp-content\/uploads\/2024\/12\/Alune-Ciocolata-alba-Zmeura-copy-770x430.jpg",770,430,true],"woocommerce_thumbnail":["https:\/\/safala.ro\/wp-content\/uploads\/2024\/12\/Alune-Ciocolata-alba-Zmeura-copy-280x280.jpg",280,280,true],"woocommerce_single":["https:\/\/safala.ro\/wp-content\/uploads\/2024\/12\/Alune-Ciocolata-alba-Zmeura-copy-600x600.jpg",600,600,true],"woocommerce_gallery_thumbnail":["https:\/\/safala.ro\/wp-content\/uploads\/2024\/12\/Alune-Ciocolata-alba-Zmeura-copy-100x100.jpg",100,100,true]},"uagb_author_info":{"display_name":"Safala Admin","author_link":"#"},"uagb_comment_info":0,"uagb_excerpt":"Alunele con\u021bin vitamina E din abunden\u021b\u0103 iar acest lucru le face cel mai bun aliat al pielii s\u0103n\u0103toase. Vitamina E \u00eempreun\u0103 cu vitamina A \u0219i C sunt antioxidan\u021bi puternici ce previne apari\u021bia liniilor fine \u0219i a ridurilor de piele, am\u00e2n\u00e2nd astfel efectul de \u00eemb\u0103tr\u00e2nire. O can\u0103 de alune ofer\u0103 aproximativ 85% din necesarul zilnic de&hellip;","jetpack_sharing_enabled":true,"tiered_pricing_type":"fixed","tiered_pricing_fixed_rules":[],"tiered_pricing_product_settings":{"layout":"default","base_unit_name":{"singular":null,"plural":null},"default_variation":null},"tiered_pricing_minimum_quantity":null,"tiered_pricing_roles_data":[],"tiered_pricing_percentage_rules":[],"_links":{"self":[{"href":"https:\/\/safala.ro\/en\/wp-json\/wp\/v2\/product\/942","targetHints":{"allow":["GET"]}}],"collection":[{"href":"https:\/\/safala.ro\/en\/wp-json\/wp\/v2\/product"}],"about":[{"href":"https:\/\/safala.ro\/en\/wp-json\/wp\/v2\/types\/product"}],"replies":[{"embeddable":true,"href":"https:\/\/safala.ro\/en\/wp-json\/wp\/v2\/comments?post=942"}],"wp:featuredmedia":[{"embeddable":true,"href":"https:\/\/safala.ro\/en\/wp-json\/wp\/v2\/media\/1217"}],"wp:attachment":[{"href":"https:\/\/safala.ro\/en\/wp-json\/wp\/v2\/media?parent=942"}],"wp:term":[{"taxonomy":"product_brand","embeddable":true,"href":"https:\/\/safala.ro\/en\/wp-json\/wp\/v2\/product_brand?post=942"},{"taxonomy":"product_cat","embeddable":true,"href":"https:\/\/safala.ro\/en\/wp-json\/wp\/v2\/product_cat?post=942"},{"taxonomy":"product_tag","embeddable":true,"href":"https:\/\/safala.ro\/en\/wp-json\/wp\/v2\/product_tag?post=942"}],"curies":[{"name":"wp","href":"https:\/\/api.w.org\/{rel}","templated":true}]}}