{"id":752,"date":"2024-10-02T19:48:26","date_gmt":"2024-10-02T16:48:26","guid":{"rendered":"https:\/\/www.safala.ro\/?post_type=product&#038;p=752"},"modified":"2025-12-12T10:02:42","modified_gmt":"2025-12-12T08:02:42","slug":"alune-de-padure-proaspat-coapte-500-g","status":"publish","type":"product","link":"https:\/\/safala.ro\/en\/produs\/alune-de-padure-proaspat-coapte-500-g\/","title":{"rendered":"Freshly roasted hazelnuts, 500g"},"content":{"rendered":"<p>Alune de p\u0103dure proasp\u0103t coapte<\/p>\n<p>Savureaz\u0103 aroma autentic\u0103 a <strong>alunelor de p\u0103dure proasp\u0103t coapte<\/strong>, oferite \u00een pung\u0103 resigilabil\u0103 de 500g\u00a0 Aceste alune sunt atent selec\u021bionate \u0219i coapte cu aer fierbinte pentru a-\u0219i p\u0103stra gustul intens \u0219i textura crocant\u0103, fiind o surs\u0103 excelent\u0103 de proteine, fibre \u0219i gr\u0103simi s\u0103n\u0103toase. Ideale pentru gust\u0103ri s\u0103n\u0103toase, ad\u0103ugate \u00een deserturi sau pentru preparate culinare rafinate, alunele noastre \u00ee\u021bi ofer\u0103 energia natural\u0103 de care ai nevoie. Perfecte pentru cei care apreciaz\u0103 un stil de via\u021b\u0103 s\u0103n\u0103tos \u0219i natural!<\/p>","protected":false},"excerpt":{"rendered":"<p>Alune de p\u0103dure proasp\u0103t coapte<\/p>\n<p>Alune de p\u0103dure proasp\u0103t coapte, crocante \u0219i pline de savoare, ideale pentru gust\u0103ri s\u0103n\u0103toase sau re\u021bete delicioase. Surs\u0103 bogat\u0103 de proteine \u0219i gr\u0103simi s\u0103n\u0103toase.<\/p>","protected":false},"featured_media":1258,"comment_status":"open","ping_status":"closed","template":"","meta":{"_acf_changed":false,"_uag_custom_page_level_css":""},"product_brand":[],"product_cat":[19],"product_tag":[],"class_list":{"0":"post-752","1":"product","2":"type-product","3":"status-publish","4":"has-post-thumbnail","6":"product_cat-produse-din-alune","8":"first","9":"instock","10":"taxable","11":"shipping-taxable","12":"purchasable","13":"product-type-simple"},"acf":[],"uagb_featured_image_src":{"full":["https:\/\/safala.ro\/wp-content\/uploads\/2024\/10\/Alune-coapte-2-copy.jpg",800,800,false],"thumbnail":["https:\/\/safala.ro\/wp-content\/uploads\/2024\/10\/Alune-coapte-2-copy-150x150.jpg",150,150,true],"medium":["https:\/\/safala.ro\/wp-content\/uploads\/2024\/10\/Alune-coapte-2-copy-300x300.jpg",300,300,true],"medium_large":["https:\/\/safala.ro\/wp-content\/uploads\/2024\/10\/Alune-coapte-2-copy-768x768.jpg",768,768,true],"large":["https:\/\/safala.ro\/wp-content\/uploads\/2024\/10\/Alune-coapte-2-copy.jpg",800,800,false],"1536x1536":["https:\/\/safala.ro\/wp-content\/uploads\/2024\/10\/Alune-coapte-2-copy.jpg",800,800,false],"2048x2048":["https:\/\/safala.ro\/wp-content\/uploads\/2024\/10\/Alune-coapte-2-copy.jpg",800,800,false],"trp-custom-language-flag":["https:\/\/safala.ro\/wp-content\/uploads\/2024\/10\/Alune-coapte-2-copy-12x12.jpg",12,12,true],"post-thumbnail":["https:\/\/safala.ro\/wp-content\/uploads\/2024\/10\/Alune-coapte-2-copy-800x510.jpg",800,510,true],"frontPage-banner":["https:\/\/safala.ro\/wp-content\/uploads\/2024\/10\/Alune-coapte-2-copy-580x250.jpg",580,250,true],"listing_blog":["https:\/\/safala.ro\/wp-content\/uploads\/2024\/10\/Alune-coapte-2-copy-770x430.jpg",770,430,true],"woocommerce_thumbnail":["https:\/\/safala.ro\/wp-content\/uploads\/2024\/10\/Alune-coapte-2-copy-280x280.jpg",280,280,true],"woocommerce_single":["https:\/\/safala.ro\/wp-content\/uploads\/2024\/10\/Alune-coapte-2-copy-600x600.jpg",600,600,true],"woocommerce_gallery_thumbnail":["https:\/\/safala.ro\/wp-content\/uploads\/2024\/10\/Alune-coapte-2-copy-100x100.jpg",100,100,true]},"uagb_author_info":{"display_name":"Safala Admin","author_link":"#"},"uagb_comment_info":0,"uagb_excerpt":"Alune de p\u0103dure proasp\u0103t coapte Alune de p\u0103dure proasp\u0103t coapte, crocante \u0219i pline de savoare, ideale pentru gust\u0103ri s\u0103n\u0103toase sau re\u021bete delicioase. Surs\u0103 bogat\u0103 de proteine \u0219i gr\u0103simi s\u0103n\u0103toase.","jetpack_sharing_enabled":true,"tiered_pricing_type":"fixed","tiered_pricing_fixed_rules":[],"tiered_pricing_product_settings":{"layout":"default","base_unit_name":{"singular":null,"plural":null},"default_variation":null},"tiered_pricing_minimum_quantity":null,"tiered_pricing_roles_data":[],"tiered_pricing_percentage_rules":[],"_links":{"self":[{"href":"https:\/\/safala.ro\/en\/wp-json\/wp\/v2\/product\/752","targetHints":{"allow":["GET"]}}],"collection":[{"href":"https:\/\/safala.ro\/en\/wp-json\/wp\/v2\/product"}],"about":[{"href":"https:\/\/safala.ro\/en\/wp-json\/wp\/v2\/types\/product"}],"replies":[{"embeddable":true,"href":"https:\/\/safala.ro\/en\/wp-json\/wp\/v2\/comments?post=752"}],"wp:featuredmedia":[{"embeddable":true,"href":"https:\/\/safala.ro\/en\/wp-json\/wp\/v2\/media\/1258"}],"wp:attachment":[{"href":"https:\/\/safala.ro\/en\/wp-json\/wp\/v2\/media?parent=752"}],"wp:term":[{"taxonomy":"product_brand","embeddable":true,"href":"https:\/\/safala.ro\/en\/wp-json\/wp\/v2\/product_brand?post=752"},{"taxonomy":"product_cat","embeddable":true,"href":"https:\/\/safala.ro\/en\/wp-json\/wp\/v2\/product_cat?post=752"},{"taxonomy":"product_tag","embeddable":true,"href":"https:\/\/safala.ro\/en\/wp-json\/wp\/v2\/product_tag?post=752"}],"curies":[{"name":"wp","href":"https:\/\/api.w.org\/{rel}","templated":true}]}}