{"id":749,"date":"2024-10-02T19:09:59","date_gmt":"2024-10-02T16:09:59","guid":{"rendered":"https:\/\/www.safala.ro\/?post_type=product&#038;p=749"},"modified":"2026-03-17T13:27:49","modified_gmt":"2026-03-17T11:27:49","slug":"mix-degustare-creme-de-alune-150g-x-3-buc","status":"publish","type":"product","link":"https:\/\/safala.ro\/en\/product\/mix-degustare-creme-de-alune-150g-x-3-buc\/","title":{"rendered":"Peanut cream combo, 150g x 3 pieces"},"content":{"rendered":"<p>Tasting mix - 3 hazelnut spread jars<\/p>\n<p>Descoper\u0103 cele mai fine arome cu acest mix de degustare unic, creat pentru adev\u0103ra\u021bii iubitori de alune \u0219i ciocolat\u0103! Setul include trei creme delicioase care \u00ee\u021bi vor \u00eenc\u00e2nta sim\u021burile:<\/p>\n<ul>\n<li><strong>Crem\u0103 de alune 100% natural\u0103<\/strong>: Pur \u0219i simplu alune coapte, f\u0103r\u0103 adaosuri, pentru un gust natural \u0219i autentic.<\/li>\n<li><strong>Crem\u0103 de alune cu ciocolat\u0103 cu lapte<\/strong>: O combina\u021bie cremoas\u0103 \u0219i dulce, perfect\u0103 pentru deserturi sau gust\u0103ri rapide.<\/li>\n<li><strong>Crem\u0103 de alune cu ciocolat\u0103 neagr\u0103<\/strong>: Pentru cei care prefer\u0103 un gust mai intens, cu ciocolat\u0103 neagr\u0103 de calitate \u0219i o textur\u0103 rafinat\u0103.<\/li>\n<\/ul>\n<p>Acest mix este ideal pentru a experimenta varietatea de gusturi \u0219i texturi \u2013 fie c\u0103 preferi un gust simplu \u0219i s\u0103n\u0103tos sau combina\u021bii dulci \u0219i sofisticate. Perfect pentru a-\u021bi g\u0103si favoritul sau pentru a-l oferi cadou celor dragi!<\/p>","protected":false},"excerpt":{"rendered":"<p>Exploreaz\u0103 gustul autentic al alunelor cu acest mix de degustare! Include trei creme delicioase: 100% natural\u0103, cu ciocolat\u0103 cu lapte \u0219i cu ciocolat\u0103 neagr\u0103. Perfect pentru a descoperi aromele tale preferate sau pentru a-l oferi cadou<\/p>","protected":false},"featured_media":1300,"comment_status":"open","ping_status":"closed","template":"","meta":{"_acf_changed":false,"_uag_custom_page_level_css":""},"product_brand":[],"product_cat":[19],"product_tag":[],"class_list":{"0":"post-749","1":"product","2":"type-product","3":"status-publish","4":"has-post-thumbnail","6":"product_cat-produse-din-alune","8":"first","9":"instock","10":"featured","11":"taxable","12":"shipping-taxable","13":"purchasable","14":"product-type-simple"},"acf":[],"uagb_featured_image_src":{"full":["https:\/\/safala.ro\/wp-content\/uploads\/2024\/10\/creme-alune-150g-1.webp",800,800,false],"thumbnail":["https:\/\/safala.ro\/wp-content\/uploads\/2024\/10\/creme-alune-150g-1-150x150.webp",150,150,true],"medium":["https:\/\/safala.ro\/wp-content\/uploads\/2024\/10\/creme-alune-150g-1-300x300.webp",300,300,true],"medium_large":["https:\/\/safala.ro\/wp-content\/uploads\/2024\/10\/creme-alune-150g-1-768x768.webp",768,768,true],"large":["https:\/\/safala.ro\/wp-content\/uploads\/2024\/10\/creme-alune-150g-1.webp",800,800,false],"1536x1536":["https:\/\/safala.ro\/wp-content\/uploads\/2024\/10\/creme-alune-150g-1.webp",800,800,false],"2048x2048":["https:\/\/safala.ro\/wp-content\/uploads\/2024\/10\/creme-alune-150g-1.webp",800,800,false],"trp-custom-language-flag":["https:\/\/safala.ro\/wp-content\/uploads\/2024\/10\/creme-alune-150g-1-12x12.webp",12,12,true],"post-thumbnail":["https:\/\/safala.ro\/wp-content\/uploads\/2024\/10\/creme-alune-150g-1-800x510.webp",800,510,true],"frontPage-banner":["https:\/\/safala.ro\/wp-content\/uploads\/2024\/10\/creme-alune-150g-1-580x250.webp",580,250,true],"listing_blog":["https:\/\/safala.ro\/wp-content\/uploads\/2024\/10\/creme-alune-150g-1-770x430.webp",770,430,true],"woocommerce_thumbnail":["https:\/\/safala.ro\/wp-content\/uploads\/2024\/10\/creme-alune-150g-1-280x280.webp",280,280,true],"woocommerce_single":["https:\/\/safala.ro\/wp-content\/uploads\/2024\/10\/creme-alune-150g-1-600x600.webp",600,600,true],"woocommerce_gallery_thumbnail":["https:\/\/safala.ro\/wp-content\/uploads\/2024\/10\/creme-alune-150g-1-100x100.webp",100,100,true]},"uagb_author_info":{"display_name":"Safala Admin","author_link":"#"},"uagb_comment_info":0,"uagb_excerpt":"Exploreaz\u0103 gustul autentic al alunelor cu acest mix de degustare! Include trei creme delicioase: 100% natural\u0103, cu ciocolat\u0103 cu lapte \u0219i cu ciocolat\u0103 neagr\u0103. Perfect pentru a descoperi aromele tale preferate sau pentru a-l oferi cadou","jetpack_sharing_enabled":true,"tiered_pricing_type":"fixed","tiered_pricing_fixed_rules":[],"tiered_pricing_product_settings":{"layout":"default","base_unit_name":{"singular":null,"plural":null},"default_variation":null},"tiered_pricing_minimum_quantity":null,"tiered_pricing_roles_data":[],"tiered_pricing_percentage_rules":[],"_links":{"self":[{"href":"https:\/\/safala.ro\/en\/wp-json\/wp\/v2\/product\/749","targetHints":{"allow":["GET"]}}],"collection":[{"href":"https:\/\/safala.ro\/en\/wp-json\/wp\/v2\/product"}],"about":[{"href":"https:\/\/safala.ro\/en\/wp-json\/wp\/v2\/types\/product"}],"replies":[{"embeddable":true,"href":"https:\/\/safala.ro\/en\/wp-json\/wp\/v2\/comments?post=749"}],"wp:featuredmedia":[{"embeddable":true,"href":"https:\/\/safala.ro\/en\/wp-json\/wp\/v2\/media\/1300"}],"wp:attachment":[{"href":"https:\/\/safala.ro\/en\/wp-json\/wp\/v2\/media?parent=749"}],"wp:term":[{"taxonomy":"product_brand","embeddable":true,"href":"https:\/\/safala.ro\/en\/wp-json\/wp\/v2\/product_brand?post=749"},{"taxonomy":"product_cat","embeddable":true,"href":"https:\/\/safala.ro\/en\/wp-json\/wp\/v2\/product_cat?post=749"},{"taxonomy":"product_tag","embeddable":true,"href":"https:\/\/safala.ro\/en\/wp-json\/wp\/v2\/product_tag?post=749"}],"curies":[{"name":"wp","href":"https:\/\/api.w.org\/{rel}","templated":true}]}}