{"id":743,"date":"2024-10-02T18:10:31","date_gmt":"2024-10-02T15:10:31","guid":{"rendered":"https:\/\/www.safala.ro\/?post_type=product&#038;p=743"},"modified":"2026-03-17T13:28:08","modified_gmt":"2026-03-17T11:28:08","slug":"crema-de-alune-100-naturala-nimic-adaugat-150g","status":"publish","type":"product","link":"https:\/\/safala.ro\/en\/produs\/crema-de-alune-100-naturala-nimic-adaugat-150g\/","title":{"rendered":"100 % natural hazelnut cream, nothing added, 150g"},"content":{"rendered":"<p>100 % natural hazelnut cream, nothing added, 150g<\/p>\n<p>Descoper\u0103 adev\u0103ratul gust al naturii cu crema noastr\u0103 de alune 100% natural\u0103. F\u0103r\u0103 adaosuri artificiale sau zaharuri, aceast\u0103 crem\u0103 este preparat\u0103 exclusiv din alune coapte de cea mai \u00eenalt\u0103 calitate. Fie c\u0103 o \u00eentinzi pe p\u00e2ine, o adaugi \u00een smoothie-uri sau o folose\u0219ti ca ingredient \u00een re\u021betele tale preferate, crema de alune 100% natural\u0103 ofer\u0103 un gust bogat, cremos \u0219i autentic. Este sursa ideal\u0103 de proteine, fibre \u0219i gr\u0103simi s\u0103n\u0103toase pentru o alimenta\u021bie echilibrat\u0103<\/p>","protected":false},"excerpt":{"rendered":"<p><strong>Crem\u0103 de Alune de P\u0103dure 100% Natural\u0103 \u2013 Pur \u0219i Autentic<\/strong><\/p>\n<p>Bucur\u0103-te de gustul autentic al naturii cu <strong>Crem\u0103 de Alune de P\u0103dure 100% Natural\u0103<\/strong>, realizat\u0103 exclusiv din alune de p\u0103dure pr\u0103jite lent, f\u0103r\u0103 adaosuri, conservan\u021bi sau uleiuri suplimentare. Textura fin\u0103 \u0219i cremoas\u0103, aroma intens\u0103 \u0219i savoarea inconfundabil\u0103 fac din aceast\u0103 crem\u0103 alegerea perfect\u0103 pentru un stil de via\u021b\u0103 s\u0103n\u0103tos.<\/p>\n<p>\u2714 <strong>Ingrediente<\/strong>: 100% alune de p\u0103dure pr\u0103jite<br \/>\n\u2714 <strong>F\u0103r\u0103 zah\u0103r, f\u0103r\u0103 ulei de palmier, f\u0103r\u0103 aditivi<\/strong><br \/>\n\u2714 <strong>Surs\u0103 excelent\u0103 de proteine, fibre \u0219i gr\u0103simi s\u0103n\u0103toase<\/strong><br \/>\n\u2714 <strong>Perfect\u0103 pentru mic dejun, deserturi sau gust\u0103ri rapide<\/strong><\/p>\n<p>Adaug\u0103 un strop de savoare natural\u0103 \u00een alimenta\u021bia ta! \ud83e\udd5c\u2728<\/p>","protected":false},"featured_media":1218,"comment_status":"open","ping_status":"closed","template":"","meta":{"_acf_changed":false,"_uag_custom_page_level_css":""},"product_brand":[],"product_cat":[15,19],"product_tag":[],"class_list":{"0":"post-743","1":"product","2":"type-product","3":"status-publish","4":"has-post-thumbnail","6":"product_cat-fara-categorie","7":"product_cat-produse-din-alune","9":"first","10":"instock","11":"taxable","12":"shipping-taxable","13":"purchasable","14":"product-type-simple"},"acf":[],"uagb_featured_image_src":{"full":["https:\/\/safala.ro\/wp-content\/uploads\/2024\/10\/Crema-Natural-150-copy.jpg",800,800,false],"thumbnail":["https:\/\/safala.ro\/wp-content\/uploads\/2024\/10\/Crema-Natural-150-copy-150x150.jpg",150,150,true],"medium":["https:\/\/safala.ro\/wp-content\/uploads\/2024\/10\/Crema-Natural-150-copy-300x300.jpg",300,300,true],"medium_large":["https:\/\/safala.ro\/wp-content\/uploads\/2024\/10\/Crema-Natural-150-copy-768x768.jpg",768,768,true],"large":["https:\/\/safala.ro\/wp-content\/uploads\/2024\/10\/Crema-Natural-150-copy.jpg",800,800,false],"1536x1536":["https:\/\/safala.ro\/wp-content\/uploads\/2024\/10\/Crema-Natural-150-copy.jpg",800,800,false],"2048x2048":["https:\/\/safala.ro\/wp-content\/uploads\/2024\/10\/Crema-Natural-150-copy.jpg",800,800,false],"trp-custom-language-flag":["https:\/\/safala.ro\/wp-content\/uploads\/2024\/10\/Crema-Natural-150-copy-12x12.jpg",12,12,true],"post-thumbnail":["https:\/\/safala.ro\/wp-content\/uploads\/2024\/10\/Crema-Natural-150-copy-800x510.jpg",800,510,true],"frontPage-banner":["https:\/\/safala.ro\/wp-content\/uploads\/2024\/10\/Crema-Natural-150-copy-580x250.jpg",580,250,true],"listing_blog":["https:\/\/safala.ro\/wp-content\/uploads\/2024\/10\/Crema-Natural-150-copy-770x430.jpg",770,430,true],"woocommerce_thumbnail":["https:\/\/safala.ro\/wp-content\/uploads\/2024\/10\/Crema-Natural-150-copy-280x280.jpg",280,280,true],"woocommerce_single":["https:\/\/safala.ro\/wp-content\/uploads\/2024\/10\/Crema-Natural-150-copy-600x600.jpg",600,600,true],"woocommerce_gallery_thumbnail":["https:\/\/safala.ro\/wp-content\/uploads\/2024\/10\/Crema-Natural-150-copy-100x100.jpg",100,100,true]},"uagb_author_info":{"display_name":"Safala Admin","author_link":"#"},"uagb_comment_info":0,"uagb_excerpt":"Crem\u0103 de Alune de P\u0103dure 100% Natural\u0103 \u2013 Pur \u0219i Autentic Bucur\u0103-te de gustul autentic al naturii cu Crem\u0103 de Alune de P\u0103dure 100% Natural\u0103, realizat\u0103 exclusiv din alune de p\u0103dure pr\u0103jite lent, f\u0103r\u0103 adaosuri, conservan\u021bi sau uleiuri suplimentare. Textura fin\u0103 \u0219i cremoas\u0103, aroma intens\u0103 \u0219i savoarea inconfundabil\u0103 fac din aceast\u0103 crem\u0103 alegerea perfect\u0103 pentru&hellip;","jetpack_sharing_enabled":true,"tiered_pricing_type":"fixed","tiered_pricing_fixed_rules":[],"tiered_pricing_product_settings":{"layout":"default","base_unit_name":{"singular":null,"plural":null},"default_variation":null},"tiered_pricing_minimum_quantity":null,"tiered_pricing_roles_data":[],"tiered_pricing_percentage_rules":[],"_links":{"self":[{"href":"https:\/\/safala.ro\/en\/wp-json\/wp\/v2\/product\/743","targetHints":{"allow":["GET"]}}],"collection":[{"href":"https:\/\/safala.ro\/en\/wp-json\/wp\/v2\/product"}],"about":[{"href":"https:\/\/safala.ro\/en\/wp-json\/wp\/v2\/types\/product"}],"replies":[{"embeddable":true,"href":"https:\/\/safala.ro\/en\/wp-json\/wp\/v2\/comments?post=743"}],"wp:featuredmedia":[{"embeddable":true,"href":"https:\/\/safala.ro\/en\/wp-json\/wp\/v2\/media\/1218"}],"wp:attachment":[{"href":"https:\/\/safala.ro\/en\/wp-json\/wp\/v2\/media?parent=743"}],"wp:term":[{"taxonomy":"product_brand","embeddable":true,"href":"https:\/\/safala.ro\/en\/wp-json\/wp\/v2\/product_brand?post=743"},{"taxonomy":"product_cat","embeddable":true,"href":"https:\/\/safala.ro\/en\/wp-json\/wp\/v2\/product_cat?post=743"},{"taxonomy":"product_tag","embeddable":true,"href":"https:\/\/safala.ro\/en\/wp-json\/wp\/v2\/product_tag?post=743"}],"curies":[{"name":"wp","href":"https:\/\/api.w.org\/{rel}","templated":true}]}}