{"id":647,"date":"2024-06-18T12:30:43","date_gmt":"2024-06-18T09:30:43","guid":{"rendered":"https:\/\/www.safala.ro\/?post_type=product&#038;p=647"},"modified":"2025-09-05T10:52:19","modified_gmt":"2025-09-05T07:52:19","slug":"nectar-de-zmeura-fara-zahar","status":"publish","type":"product","link":"https:\/\/safala.ro\/en\/product\/nectar-de-zmeura-fara-zahar\/","title":{"rendered":"Sugar-free raspberry nectar"},"content":{"rendered":"<h2><strong>Mod de p\u0103strare, recomand\u0103ri<\/strong><\/h2>\n<p>A se p\u0103stra la loc uscat \u0219i r\u0103coros, ferit de razele soarelui \u0219i de \u00eenghe\u021b.<\/p>\n<p>Temperatura recomandat\u0103 de p\u0103strare: 5-20 grade Celsius.<\/p>\n<p>Suc ob\u021binut prin presarea la rece a fructelor \u0219i u\u0219or pasteurizat.<\/p>\n<p>Dup\u0103 deschidere a se p\u0103stra la frigider \u0219i a se consuma \u00een termen de 10 zile.<\/p>\n<p>Produs in ambalaj ecologic, refolose\u0219te sticla la tine in c\u0103mara.<\/p>\n<p>&nbsp;<\/p>","protected":false},"excerpt":{"rendered":"<p>Bucur\u0103-te de gustul proasp\u0103t \u0219i revigorant al zmeurei cu nectarul nostru 100% natural, f\u0103r\u0103 zah\u0103r ad\u0103ugat. Fiecare sticl\u0103 este plin\u0103 de vitamine \u0219i antioxidan\u021bi, oferindu-\u021bi o experien\u021b\u0103 delicioas\u0103 \u0219i s\u0103n\u0103toas\u0103.<\/p>\n<p>Beneficii:<\/p>\n<p>&#8211; *F\u0103r\u0103 Zah\u0103r Ad\u0103ugat*: Ideal pentru cei care \u00ee\u0219i doresc s\u0103 reduc\u0103 aportul de zah\u0103r f\u0103r\u0103 a compromite gustul.<\/p>\n<p>&#8211; *Natural \u0219i Pur*: Fabricat din zmeur\u0103 proasp\u0103t\u0103, f\u0103r\u0103 conservan\u021bi sau aditivi artificiali.<\/p>\n<p>&#8211; *Bogat\u0103 \u00een Nutrien\u021bi*: O surs\u0103 excelent\u0103 de vitamina C, antioxidan\u021bi \u0219i fibre.<\/p>\n<p>&#8211; *Gust Autentic*: Savureaz\u0103 aroma intens\u0103 \u0219i natural\u0103 a zmeurei \u00een fiecare pahar.<\/p>\n<p>Ingrediente:<\/p>\n<p>&#8211; Zmeur\u0103 proasp\u0103t\u0103<\/p>\n<p>&#8211; Suc de l\u0103m\u00e2i ecologice (pentru echilibrarea gustului)<\/p>\n<p><strong>Gramaj 330 ml<\/strong><\/p>","protected":false},"featured_media":648,"comment_status":"open","ping_status":"closed","template":"","meta":{"_acf_changed":false,"_uag_custom_page_level_css":""},"product_brand":[],"product_cat":[52],"product_tag":[],"class_list":{"0":"post-647","1":"product","2":"type-product","3":"status-publish","4":"has-post-thumbnail","6":"product_cat-dulceturi-si-siropuri","8":"first","9":"instock","10":"taxable","11":"shipping-taxable","12":"purchasable","13":"product-type-simple"},"acf":[],"uagb_featured_image_src":{"full":["https:\/\/safala.ro\/wp-content\/uploads\/2024\/06\/nectar-de-zmeura-scaled.jpg",1211,2560,false],"thumbnail":["https:\/\/safala.ro\/wp-content\/uploads\/2024\/06\/nectar-de-zmeura-150x150.jpg",150,150,true],"medium":["https:\/\/safala.ro\/wp-content\/uploads\/2024\/06\/nectar-de-zmeura-142x300.jpg",142,300,true],"medium_large":["https:\/\/safala.ro\/wp-content\/uploads\/2024\/06\/nectar-de-zmeura-768x1623.jpg",768,1623,true],"large":["https:\/\/safala.ro\/wp-content\/uploads\/2024\/06\/nectar-de-zmeura-485x1024.jpg",485,1024,true],"1536x1536":["https:\/\/safala.ro\/wp-content\/uploads\/2024\/06\/nectar-de-zmeura-727x1536.jpg",727,1536,true],"2048x2048":["https:\/\/safala.ro\/wp-content\/uploads\/2024\/06\/nectar-de-zmeura-969x2048.jpg",969,2048,true],"trp-custom-language-flag":["https:\/\/safala.ro\/wp-content\/uploads\/2024\/06\/nectar-de-zmeura-6x12.jpg",6,12,true],"post-thumbnail":["https:\/\/safala.ro\/wp-content\/uploads\/2024\/06\/nectar-de-zmeura-825x510.jpg",825,510,true],"frontPage-banner":["https:\/\/safala.ro\/wp-content\/uploads\/2024\/06\/nectar-de-zmeura-580x250.jpg",580,250,true],"listing_blog":["https:\/\/safala.ro\/wp-content\/uploads\/2024\/06\/nectar-de-zmeura-770x430.jpg",770,430,true],"woocommerce_thumbnail":["https:\/\/safala.ro\/wp-content\/uploads\/2024\/06\/nectar-de-zmeura-280x280.jpg",280,280,true],"woocommerce_single":["https:\/\/safala.ro\/wp-content\/uploads\/2024\/06\/nectar-de-zmeura-600x1268.jpg",600,1268,true],"woocommerce_gallery_thumbnail":["https:\/\/safala.ro\/wp-content\/uploads\/2024\/06\/nectar-de-zmeura-100x100.jpg",100,100,true]},"uagb_author_info":{"display_name":"Grecu Oana","author_link":"#"},"uagb_comment_info":0,"uagb_excerpt":"Bucur\u0103-te de gustul proasp\u0103t \u0219i revigorant al zmeurei cu nectarul nostru 100% natural, f\u0103r\u0103 zah\u0103r ad\u0103ugat. Fiecare sticl\u0103 este plin\u0103 de vitamine \u0219i antioxidan\u021bi, oferindu-\u021bi o experien\u021b\u0103 delicioas\u0103 \u0219i s\u0103n\u0103toas\u0103. Beneficii: - *F\u0103r\u0103 Zah\u0103r Ad\u0103ugat*: Ideal pentru cei care \u00ee\u0219i doresc s\u0103 reduc\u0103 aportul de zah\u0103r f\u0103r\u0103 a compromite gustul. - *Natural \u0219i Pur*: Fabricat&hellip;","jetpack_sharing_enabled":true,"tiered_pricing_type":"fixed","tiered_pricing_fixed_rules":[],"tiered_pricing_product_settings":{"layout":"default","base_unit_name":{"singular":null,"plural":null},"default_variation":null},"tiered_pricing_minimum_quantity":null,"tiered_pricing_roles_data":[],"tiered_pricing_percentage_rules":[],"_links":{"self":[{"href":"https:\/\/safala.ro\/en\/wp-json\/wp\/v2\/product\/647","targetHints":{"allow":["GET"]}}],"collection":[{"href":"https:\/\/safala.ro\/en\/wp-json\/wp\/v2\/product"}],"about":[{"href":"https:\/\/safala.ro\/en\/wp-json\/wp\/v2\/types\/product"}],"replies":[{"embeddable":true,"href":"https:\/\/safala.ro\/en\/wp-json\/wp\/v2\/comments?post=647"}],"wp:featuredmedia":[{"embeddable":true,"href":"https:\/\/safala.ro\/en\/wp-json\/wp\/v2\/media\/648"}],"wp:attachment":[{"href":"https:\/\/safala.ro\/en\/wp-json\/wp\/v2\/media?parent=647"}],"wp:term":[{"taxonomy":"product_brand","embeddable":true,"href":"https:\/\/safala.ro\/en\/wp-json\/wp\/v2\/product_brand?post=647"},{"taxonomy":"product_cat","embeddable":true,"href":"https:\/\/safala.ro\/en\/wp-json\/wp\/v2\/product_cat?post=647"},{"taxonomy":"product_tag","embeddable":true,"href":"https:\/\/safala.ro\/en\/wp-json\/wp\/v2\/product_tag?post=647"}],"curies":[{"name":"wp","href":"https:\/\/api.w.org\/{rel}","templated":true}]}}