{"id":532,"date":"2024-04-12T16:32:07","date_gmt":"2024-04-12T13:32:07","guid":{"rendered":"https:\/\/www.safala.ro\/?post_type=product&#038;p=532"},"modified":"2025-10-09T08:08:36","modified_gmt":"2025-10-09T05:08:36","slug":"alune-de-padure-coapte-cu-sare-si-chili","status":"publish","type":"product","link":"https:\/\/safala.ro\/en\/product\/alune-de-padure-coapte-cu-sare-si-chili\/","title":{"rendered":"Salty roasted hazelnuts with chilly, 150g"},"content":{"rendered":"<p>Hazelnuts are rich in vitamin E and this makes them the best ally of a healthy skin. Vitamin E, together with vitamin A and C, are powerful antioxidants that prevent the appearance of fine lines and skin wrinkles, thus delaying the aging effect.<\/p>\n<p>One cup of hazelnuts provides about 85% of the daily requirement of vitamin E.<\/p>\n<p>Alunele de p\u0103dure coapte u\u0219or cu sare \u0219i chili, au o textur\u0103 crocant\u0103 u\u0219or picant\u0103.<\/p>\n<p>&nbsp;<\/p>","protected":false},"excerpt":{"rendered":"<p>Alune de p\u0103dure, culese cu grij\u0103, coapte la o temperatura medie s\u0103rate \u0219i cu chili m\u0103run\u021bit. Produs din ingrediente naturale, nu con\u021bine coloran\u021bi, conservan\u021bi sau aditivi.<\/p>\n<p><strong>Ingrediente<\/strong>: alune de p\u0103dure coapte, sare, chili, maltitol.<\/p>\n<p>Con\u021binut net 150 grame.<\/p>","protected":false},"featured_media":1243,"comment_status":"open","ping_status":"closed","template":"","meta":{"_acf_changed":false,"_uag_custom_page_level_css":""},"product_brand":[],"product_cat":[19],"product_tag":[],"class_list":{"0":"post-532","1":"product","2":"type-product","3":"status-publish","4":"has-post-thumbnail","6":"product_cat-produse-din-alune","8":"first","9":"instock","10":"taxable","11":"shipping-taxable","12":"purchasable","13":"product-type-simple"},"acf":[],"uagb_featured_image_src":{"full":["https:\/\/safala.ro\/wp-content\/uploads\/2024\/04\/Alune-chilli-2-copy.jpg",800,800,false],"thumbnail":["https:\/\/safala.ro\/wp-content\/uploads\/2024\/04\/Alune-chilli-2-copy-150x150.jpg",150,150,true],"medium":["https:\/\/safala.ro\/wp-content\/uploads\/2024\/04\/Alune-chilli-2-copy-300x300.jpg",300,300,true],"medium_large":["https:\/\/safala.ro\/wp-content\/uploads\/2024\/04\/Alune-chilli-2-copy-768x768.jpg",768,768,true],"large":["https:\/\/safala.ro\/wp-content\/uploads\/2024\/04\/Alune-chilli-2-copy.jpg",800,800,false],"1536x1536":["https:\/\/safala.ro\/wp-content\/uploads\/2024\/04\/Alune-chilli-2-copy.jpg",800,800,false],"2048x2048":["https:\/\/safala.ro\/wp-content\/uploads\/2024\/04\/Alune-chilli-2-copy.jpg",800,800,false],"trp-custom-language-flag":["https:\/\/safala.ro\/wp-content\/uploads\/2024\/04\/Alune-chilli-2-copy-12x12.jpg",12,12,true],"post-thumbnail":["https:\/\/safala.ro\/wp-content\/uploads\/2024\/04\/Alune-chilli-2-copy-800x510.jpg",800,510,true],"frontPage-banner":["https:\/\/safala.ro\/wp-content\/uploads\/2024\/04\/Alune-chilli-2-copy-580x250.jpg",580,250,true],"listing_blog":["https:\/\/safala.ro\/wp-content\/uploads\/2024\/04\/Alune-chilli-2-copy-770x430.jpg",770,430,true],"woocommerce_thumbnail":["https:\/\/safala.ro\/wp-content\/uploads\/2024\/04\/Alune-chilli-2-copy-280x280.jpg",280,280,true],"woocommerce_single":["https:\/\/safala.ro\/wp-content\/uploads\/2024\/04\/Alune-chilli-2-copy-600x600.jpg",600,600,true],"woocommerce_gallery_thumbnail":["https:\/\/safala.ro\/wp-content\/uploads\/2024\/04\/Alune-chilli-2-copy-100x100.jpg",100,100,true]},"uagb_author_info":{"display_name":"Grecu Oana","author_link":"#"},"uagb_comment_info":0,"uagb_excerpt":"Alune de p\u0103dure, culese cu grij\u0103, coapte la o temperatura medie s\u0103rate \u0219i cu chili m\u0103run\u021bit. Produs din ingrediente naturale, nu con\u021bine coloran\u021bi, conservan\u021bi sau aditivi. Ingrediente: alune de p\u0103dure coapte, sare, chili, maltitol. Con\u021binut net 150 grame.","jetpack_sharing_enabled":true,"tiered_pricing_type":"fixed","tiered_pricing_fixed_rules":[],"tiered_pricing_product_settings":{"layout":"default","base_unit_name":{"singular":null,"plural":null},"default_variation":null},"tiered_pricing_minimum_quantity":null,"tiered_pricing_roles_data":[],"tiered_pricing_percentage_rules":[],"_links":{"self":[{"href":"https:\/\/safala.ro\/en\/wp-json\/wp\/v2\/product\/532","targetHints":{"allow":["GET"]}}],"collection":[{"href":"https:\/\/safala.ro\/en\/wp-json\/wp\/v2\/product"}],"about":[{"href":"https:\/\/safala.ro\/en\/wp-json\/wp\/v2\/types\/product"}],"replies":[{"embeddable":true,"href":"https:\/\/safala.ro\/en\/wp-json\/wp\/v2\/comments?post=532"}],"wp:featuredmedia":[{"embeddable":true,"href":"https:\/\/safala.ro\/en\/wp-json\/wp\/v2\/media\/1243"}],"wp:attachment":[{"href":"https:\/\/safala.ro\/en\/wp-json\/wp\/v2\/media?parent=532"}],"wp:term":[{"taxonomy":"product_brand","embeddable":true,"href":"https:\/\/safala.ro\/en\/wp-json\/wp\/v2\/product_brand?post=532"},{"taxonomy":"product_cat","embeddable":true,"href":"https:\/\/safala.ro\/en\/wp-json\/wp\/v2\/product_cat?post=532"},{"taxonomy":"product_tag","embeddable":true,"href":"https:\/\/safala.ro\/en\/wp-json\/wp\/v2\/product_tag?post=532"}],"curies":[{"name":"wp","href":"https:\/\/api.w.org\/{rel}","templated":true}]}}