{"id":451,"date":"2024-02-27T20:29:53","date_gmt":"2024-02-27T18:29:53","guid":{"rendered":"https:\/\/www.safala.ro\/?post_type=product&#038;p=451"},"modified":"2025-10-30T12:07:44","modified_gmt":"2025-10-30T10:07:44","slug":"alune-de-padure-coapte-si-invelite-in-ciocolata-amaruie","status":"publish","type":"product","link":"https:\/\/safala.ro\/en\/product\/alune-de-padure-coapte-si-invelite-in-ciocolata-amaruie\/","title":{"rendered":"Bitter chocolate covered baked hazelnuts 70%"},"content":{"rendered":"<p>Hazelnuts are rich in vitamin E and this makes them the best ally of a healthy skin. Vitamin E, together with vitamin A and C, are powerful antioxidants that prevent the appearance of fine lines and skin wrinkles, thus delaying the aging effect.<\/p>\n<p>One cup of hazelnuts provides about 85% of the daily requirement of vitamin E.<\/p>\n<p>Alunele de p\u0103dure coapte u\u0219or \u0219i \u00eenvelite \u00een ciocolat\u0103 am\u0103ruie \u00a0sunt alegerea delicioas\u0103 care \u00ee\u021bi va desf\u0103ta gusturile!<\/p>\n<p>&nbsp;<\/p>","protected":false},"excerpt":{"rendered":"<p>Alune de p\u0103dure, culese cu grij\u0103, coapte la o temperatura medie, \u00eenvelite cu grij\u0103 \u00een ciocolat\u0103 amaruie. Produs\u0103 din ingrediente naturale, nu con\u021bine coloran\u021bi, conservan\u021bi sau aditivi.<\/p>\n<p>Recyclable packaging, reuse the jar in your pantry or send it back for a discount on your next order.<\/p>\n<p>Ciocolata am\u0103ruie are un gust puternic, dar foarte echilibrat, acesta este dominant de cacao prajit\u0103 \u0219i intens am\u0103ruie. Echilibrul \u00eentre aciditate \u0219i dulce creeaza un contrast perfect.<\/p>\n<p><strong>Ingrediente<\/strong>: alune de p\u0103dure coapte, mas\u0103 de cacao 71%, zah\u0103r 26%, pudr\u0103 de cacao cu grasimi reduse 2%, emulsificator: lecitin\u0103 de <b>Soia<\/b>\u00a0(E322).<\/p>","protected":false},"featured_media":1240,"comment_status":"open","ping_status":"closed","template":"","meta":{"_acf_changed":false,"_uag_custom_page_level_css":""},"product_brand":[],"product_cat":[19],"product_tag":[],"class_list":{"0":"post-451","1":"product","2":"type-product","3":"status-publish","4":"has-post-thumbnail","6":"product_cat-produse-din-alune","8":"first","9":"instock","10":"taxable","11":"shipping-taxable","12":"purchasable","13":"product-type-simple"},"acf":[],"uagb_featured_image_src":{"full":["https:\/\/safala.ro\/wp-content\/uploads\/2024\/02\/Alune-Ciocolata-amaruie-copy.jpg",800,800,false],"thumbnail":["https:\/\/safala.ro\/wp-content\/uploads\/2024\/02\/Alune-Ciocolata-amaruie-copy-150x150.jpg",150,150,true],"medium":["https:\/\/safala.ro\/wp-content\/uploads\/2024\/02\/Alune-Ciocolata-amaruie-copy-300x300.jpg",300,300,true],"medium_large":["https:\/\/safala.ro\/wp-content\/uploads\/2024\/02\/Alune-Ciocolata-amaruie-copy-768x768.jpg",768,768,true],"large":["https:\/\/safala.ro\/wp-content\/uploads\/2024\/02\/Alune-Ciocolata-amaruie-copy.jpg",800,800,false],"1536x1536":["https:\/\/safala.ro\/wp-content\/uploads\/2024\/02\/Alune-Ciocolata-amaruie-copy.jpg",800,800,false],"2048x2048":["https:\/\/safala.ro\/wp-content\/uploads\/2024\/02\/Alune-Ciocolata-amaruie-copy.jpg",800,800,false],"trp-custom-language-flag":["https:\/\/safala.ro\/wp-content\/uploads\/2024\/02\/Alune-Ciocolata-amaruie-copy-12x12.jpg",12,12,true],"post-thumbnail":["https:\/\/safala.ro\/wp-content\/uploads\/2024\/02\/Alune-Ciocolata-amaruie-copy-800x510.jpg",800,510,true],"frontPage-banner":["https:\/\/safala.ro\/wp-content\/uploads\/2024\/02\/Alune-Ciocolata-amaruie-copy-580x250.jpg",580,250,true],"listing_blog":["https:\/\/safala.ro\/wp-content\/uploads\/2024\/02\/Alune-Ciocolata-amaruie-copy-770x430.jpg",770,430,true],"woocommerce_thumbnail":["https:\/\/safala.ro\/wp-content\/uploads\/2024\/02\/Alune-Ciocolata-amaruie-copy-280x280.jpg",280,280,true],"woocommerce_single":["https:\/\/safala.ro\/wp-content\/uploads\/2024\/02\/Alune-Ciocolata-amaruie-copy-600x600.jpg",600,600,true],"woocommerce_gallery_thumbnail":["https:\/\/safala.ro\/wp-content\/uploads\/2024\/02\/Alune-Ciocolata-amaruie-copy-100x100.jpg",100,100,true]},"uagb_author_info":{"display_name":"Grecu Oana","author_link":"#"},"uagb_comment_info":0,"uagb_excerpt":"Alune de p\u0103dure, culese cu grij\u0103, coapte la o temperatura medie, \u00eenvelite cu grij\u0103 \u00een ciocolat\u0103 amaruie. Produs\u0103 din ingrediente naturale, nu con\u021bine coloran\u021bi, conservan\u021bi sau aditivi. Ambalaj reciclabil, refolose\u0219te borcanul la tine \u00een c\u0103mar\u0103 sau \u00eel po\u021bi trimite \u00eenapoi pentru o reducere la urm\u0103toarea comand\u0103. Ciocolata am\u0103ruie are un gust puternic, dar foarte echilibrat,&hellip;","jetpack_sharing_enabled":true,"tiered_pricing_type":"fixed","tiered_pricing_fixed_rules":[],"tiered_pricing_product_settings":{"layout":"default","base_unit_name":{"singular":null,"plural":null},"default_variation":null},"tiered_pricing_minimum_quantity":null,"tiered_pricing_roles_data":[],"tiered_pricing_percentage_rules":[],"_links":{"self":[{"href":"https:\/\/safala.ro\/en\/wp-json\/wp\/v2\/product\/451","targetHints":{"allow":["GET"]}}],"collection":[{"href":"https:\/\/safala.ro\/en\/wp-json\/wp\/v2\/product"}],"about":[{"href":"https:\/\/safala.ro\/en\/wp-json\/wp\/v2\/types\/product"}],"replies":[{"embeddable":true,"href":"https:\/\/safala.ro\/en\/wp-json\/wp\/v2\/comments?post=451"}],"wp:featuredmedia":[{"embeddable":true,"href":"https:\/\/safala.ro\/en\/wp-json\/wp\/v2\/media\/1240"}],"wp:attachment":[{"href":"https:\/\/safala.ro\/en\/wp-json\/wp\/v2\/media?parent=451"}],"wp:term":[{"taxonomy":"product_brand","embeddable":true,"href":"https:\/\/safala.ro\/en\/wp-json\/wp\/v2\/product_brand?post=451"},{"taxonomy":"product_cat","embeddable":true,"href":"https:\/\/safala.ro\/en\/wp-json\/wp\/v2\/product_cat?post=451"},{"taxonomy":"product_tag","embeddable":true,"href":"https:\/\/safala.ro\/en\/wp-json\/wp\/v2\/product_tag?post=451"}],"curies":[{"name":"wp","href":"https:\/\/api.w.org\/{rel}","templated":true}]}}