{"id":222,"date":"2023-12-07T09:34:26","date_gmt":"2023-12-07T07:34:26","guid":{"rendered":"https:\/\/www.safala.ro\/?post_type=product&#038;p=222"},"modified":"2025-12-12T10:03:48","modified_gmt":"2025-12-12T08:03:48","slug":"miez-alune-de-padure","status":"publish","type":"product","link":"https:\/\/safala.ro\/en\/produs\/miez-alune-de-padure\/","title":{"rendered":"Hazelnut kernels 500g"},"content":{"rendered":"<p>Hazelnuts are rich in vitamin E and this makes them the best ally of a healthy skin. Vitamin E, together with vitamin A and C, are powerful antioxidants that prevent the appearance of fine lines and skin wrinkles, thus delaying the aging effect.<\/p>\n<p>One cup of hazelnuts provides about 85% of the daily requirement of vitamin E.<\/p>\n<p>&nbsp;<\/p>","protected":false},"excerpt":{"rendered":"<p>Alune de p\u0103dure cultivate \u00een livada ecologic\u0103.<\/p>\n<p>Beneficiile alunelor de p\u0103dure:<\/p>\n<ul>\n<li>delay premature aging<\/li>\n<li>keeps the skin healthy and hydrated<\/li>\n<li>ideal for sensitive skin and in the treatment of acne<\/li>\n<li>gives skin radiance<\/li>\n<li>regulating blood sugar levels<\/li>\n<li>weight control<\/li>\n<li>feeding the \"friendly\" bacterial flora of the stomach<\/li>\n<\/ul>","protected":false},"featured_media":1257,"comment_status":"open","ping_status":"closed","template":"","meta":{"_acf_changed":false,"_uag_custom_page_level_css":""},"product_brand":[73],"product_cat":[19],"product_tag":[],"class_list":{"0":"post-222","1":"product","2":"type-product","3":"status-publish","4":"has-post-thumbnail","6":"product_brand-safala","7":"product_cat-produse-din-alune","9":"first","10":"instock","11":"taxable","12":"shipping-taxable","13":"purchasable","14":"product-type-simple"},"acf":[],"uagb_featured_image_src":{"full":["https:\/\/safala.ro\/wp-content\/uploads\/2023\/12\/Alune-crud-copy-1.jpg",800,800,false],"thumbnail":["https:\/\/safala.ro\/wp-content\/uploads\/2023\/12\/Alune-crud-copy-1-150x150.jpg",150,150,true],"medium":["https:\/\/safala.ro\/wp-content\/uploads\/2023\/12\/Alune-crud-copy-1-300x300.jpg",300,300,true],"medium_large":["https:\/\/safala.ro\/wp-content\/uploads\/2023\/12\/Alune-crud-copy-1-768x768.jpg",768,768,true],"large":["https:\/\/safala.ro\/wp-content\/uploads\/2023\/12\/Alune-crud-copy-1.jpg",800,800,false],"1536x1536":["https:\/\/safala.ro\/wp-content\/uploads\/2023\/12\/Alune-crud-copy-1.jpg",800,800,false],"2048x2048":["https:\/\/safala.ro\/wp-content\/uploads\/2023\/12\/Alune-crud-copy-1.jpg",800,800,false],"trp-custom-language-flag":["https:\/\/safala.ro\/wp-content\/uploads\/2023\/12\/Alune-crud-copy-1-12x12.jpg",12,12,true],"post-thumbnail":["https:\/\/safala.ro\/wp-content\/uploads\/2023\/12\/Alune-crud-copy-1-800x510.jpg",800,510,true],"frontPage-banner":["https:\/\/safala.ro\/wp-content\/uploads\/2023\/12\/Alune-crud-copy-1-580x250.jpg",580,250,true],"listing_blog":["https:\/\/safala.ro\/wp-content\/uploads\/2023\/12\/Alune-crud-copy-1-770x430.jpg",770,430,true],"woocommerce_thumbnail":["https:\/\/safala.ro\/wp-content\/uploads\/2023\/12\/Alune-crud-copy-1-280x280.jpg",280,280,true],"woocommerce_single":["https:\/\/safala.ro\/wp-content\/uploads\/2023\/12\/Alune-crud-copy-1-600x600.jpg",600,600,true],"woocommerce_gallery_thumbnail":["https:\/\/safala.ro\/wp-content\/uploads\/2023\/12\/Alune-crud-copy-1-100x100.jpg",100,100,true]},"uagb_author_info":{"display_name":"Grecu Oana","author_link":"#"},"uagb_comment_info":0,"uagb_excerpt":"Alune de p\u0103dure cultivate \u00een livada ecologic\u0103. Beneficiile alunelor de p\u0103dure: ajut\u0103 la \u00eent\u00e2rzierea \u00eemb\u0103tr\u00e2nirii premature men\u021bine pielea s\u0103n\u0103toas\u0103 \u0219i hidratata ideal pentru pielea sensibil\u0103 \u0219i \u00een tratarea acneei confer\u0103 str\u0103lucire pielii reglarea nivelului glicemiei controlul greut\u0103\u021bii hr\u0103nirea florei bacteriene","jetpack_sharing_enabled":true,"tiered_pricing_type":"fixed","tiered_pricing_fixed_rules":[],"tiered_pricing_product_settings":{"layout":"default","base_unit_name":{"singular":null,"plural":null},"default_variation":null},"tiered_pricing_minimum_quantity":null,"tiered_pricing_roles_data":[],"tiered_pricing_percentage_rules":[],"_links":{"self":[{"href":"https:\/\/safala.ro\/en\/wp-json\/wp\/v2\/product\/222","targetHints":{"allow":["GET"]}}],"collection":[{"href":"https:\/\/safala.ro\/en\/wp-json\/wp\/v2\/product"}],"about":[{"href":"https:\/\/safala.ro\/en\/wp-json\/wp\/v2\/types\/product"}],"replies":[{"embeddable":true,"href":"https:\/\/safala.ro\/en\/wp-json\/wp\/v2\/comments?post=222"}],"wp:featuredmedia":[{"embeddable":true,"href":"https:\/\/safala.ro\/en\/wp-json\/wp\/v2\/media\/1257"}],"wp:attachment":[{"href":"https:\/\/safala.ro\/en\/wp-json\/wp\/v2\/media?parent=222"}],"wp:term":[{"taxonomy":"product_brand","embeddable":true,"href":"https:\/\/safala.ro\/en\/wp-json\/wp\/v2\/product_brand?post=222"},{"taxonomy":"product_cat","embeddable":true,"href":"https:\/\/safala.ro\/en\/wp-json\/wp\/v2\/product_cat?post=222"},{"taxonomy":"product_tag","embeddable":true,"href":"https:\/\/safala.ro\/en\/wp-json\/wp\/v2\/product_tag?post=222"}],"curies":[{"name":"wp","href":"https:\/\/api.w.org\/{rel}","templated":true}]}}