{"id":1658,"date":"2025-11-07T18:37:17","date_gmt":"2025-11-07T16:37:17","guid":{"rendered":"https:\/\/www.safala.ro\/?post_type=product&#038;p=1658"},"modified":"2026-03-17T13:50:00","modified_gmt":"2026-03-17T11:50:00","slug":"crema-de-alune-cioco-alba-fulgi-de-cocos","status":"publish","type":"product","link":"https:\/\/safala.ro\/en\/produs\/crema-de-alune-cioco-alba-fulgi-de-cocos\/","title":{"rendered":"Crem\u0103 de alune de p\u0103dure cu ciocolat\u0103 alb\u0103 \u0219i fulgi de cocos, 150 g"},"content":{"rendered":"<p data-start=\"287\" data-end=\"675\">Crem\u0103 de alune de p\u0103dure cu ciocolat\u0103 alb\u0103 \u0219i fulgi de cocos<\/p>\n<p data-start=\"287\" data-end=\"675\">R\u0103sfa\u021b\u0103-te cu o combina\u021bie fin\u0103 \u0219i exotic\u0103: <strong data-start=\"331\" data-end=\"377\">crem\u0103 artizanal\u0103 de alune de p\u0103dure Safala<\/strong>, \u00eembog\u0103\u021bit\u0103 cu <strong data-start=\"393\" data-end=\"438\">ciocolat\u0103 alb\u0103 cremoas\u0103 \u0219i fulgi de cocos<\/strong> naturali. Ob\u021binut\u0103 prin coacerea lent\u0103 a alunelor rom\u00e2ne\u0219ti \u0219i mixarea lor la temperatur\u0103 controlat\u0103, aceast\u0103 crem\u0103 are o textur\u0103 catifelat\u0103 \u0219i un gust delicat, echilibrat \u00eentre dulcea\u021ba ciocolatei albe \u0219i aroma tropical\u0103 a cocosului.<\/p>\n<p data-start=\"677\" data-end=\"805\">F\u0103r\u0103 ulei de palmier, conservan\u021bi sau aditivi \u2013 doar ingrediente naturale, atent alese pentru o gustare s\u0103n\u0103toas\u0103 \u0219i rafinat\u0103.<\/p>\n<p data-start=\"807\" data-end=\"979\"><strong data-start=\"807\" data-end=\"823\">Ingrediente:<\/strong> alune de p\u0103dure 70%, ciocolat\u0103 alb\u0103, fulgi de cocos, zah\u0103r din trestie, unt de cacao.<br data-start=\"909\" data-end=\"912\" \/><strong data-start=\"912\" data-end=\"930\">Greutate net\u0103:<\/strong> 150 g<br data-start=\"936\" data-end=\"939\" \/><strong data-start=\"939\" data-end=\"977\">Produs 100% natural, f\u0103r\u0103 lactoz\u0103.<\/strong><\/p>\n<p data-start=\"981\" data-end=\"1067\">Perfect\u0103 pentru micul dejun, deserturi, cl\u0103tite sau pur \u0219i simplu pe o linguri\u021b\u0103.<\/p>","protected":false},"excerpt":{"rendered":"<p>Crem\u0103 artizanal\u0103 fin\u0103 din alune rom\u00e2ne\u0219ti, ciocolat\u0103 alb\u0103 cremoas\u0103 \u0219i fulgi de cocos naturali. F\u0103r\u0103 ulei de palmier, f\u0103r\u0103 aditivi \u2013 doar gust autentic \u0219i textur\u0103 catifelat\u0103. Ideal\u0103 pentru micul dejun sau deserturi rafinate.<\/p>","protected":false},"featured_media":1660,"comment_status":"open","ping_status":"closed","template":"","meta":{"_acf_changed":false,"_uag_custom_page_level_css":""},"product_brand":[73],"product_cat":[19],"product_tag":[51,76,77],"class_list":{"0":"post-1658","1":"product","2":"type-product","3":"status-publish","4":"has-post-thumbnail","6":"product_brand-safala","7":"product_cat-produse-din-alune","8":"product_tag-alune-de-padure","9":"product_tag-ciocolata-alba","10":"product_tag-cocos","12":"first","13":"instock","14":"taxable","15":"shipping-taxable","16":"purchasable","17":"product-type-simple"},"acf":[],"uagb_featured_image_src":{"full":["https:\/\/safala.ro\/wp-content\/uploads\/2025\/11\/crema_alune_cocos_web_optimized.jpg",800,800,false],"thumbnail":["https:\/\/safala.ro\/wp-content\/uploads\/2025\/11\/crema_alune_cocos_web_optimized-150x150.jpg",150,150,true],"medium":["https:\/\/safala.ro\/wp-content\/uploads\/2025\/11\/crema_alune_cocos_web_optimized-300x300.jpg",300,300,true],"medium_large":["https:\/\/safala.ro\/wp-content\/uploads\/2025\/11\/crema_alune_cocos_web_optimized-768x768.jpg",768,768,true],"large":["https:\/\/safala.ro\/wp-content\/uploads\/2025\/11\/crema_alune_cocos_web_optimized.jpg",800,800,false],"1536x1536":["https:\/\/safala.ro\/wp-content\/uploads\/2025\/11\/crema_alune_cocos_web_optimized.jpg",800,800,false],"2048x2048":["https:\/\/safala.ro\/wp-content\/uploads\/2025\/11\/crema_alune_cocos_web_optimized.jpg",800,800,false],"trp-custom-language-flag":["https:\/\/safala.ro\/wp-content\/uploads\/2025\/11\/crema_alune_cocos_web_optimized-12x12.jpg",12,12,true],"post-thumbnail":["https:\/\/safala.ro\/wp-content\/uploads\/2025\/11\/crema_alune_cocos_web_optimized-800x510.jpg",800,510,true],"frontPage-banner":["https:\/\/safala.ro\/wp-content\/uploads\/2025\/11\/crema_alune_cocos_web_optimized-580x250.jpg",580,250,true],"listing_blog":["https:\/\/safala.ro\/wp-content\/uploads\/2025\/11\/crema_alune_cocos_web_optimized-770x430.jpg",770,430,true],"woocommerce_thumbnail":["https:\/\/safala.ro\/wp-content\/uploads\/2025\/11\/crema_alune_cocos_web_optimized-280x280.jpg",280,280,true],"woocommerce_single":["https:\/\/safala.ro\/wp-content\/uploads\/2025\/11\/crema_alune_cocos_web_optimized-600x600.jpg",600,600,true],"woocommerce_gallery_thumbnail":["https:\/\/safala.ro\/wp-content\/uploads\/2025\/11\/crema_alune_cocos_web_optimized-100x100.jpg",100,100,true]},"uagb_author_info":{"display_name":"Safala Admin","author_link":"#"},"uagb_comment_info":0,"uagb_excerpt":"Crem\u0103 artizanal\u0103 fin\u0103 din alune rom\u00e2ne\u0219ti, ciocolat\u0103 alb\u0103 cremoas\u0103 \u0219i fulgi de cocos naturali. F\u0103r\u0103 ulei de palmier, f\u0103r\u0103 aditivi \u2013 doar gust autentic \u0219i textur\u0103 catifelat\u0103. Ideal\u0103 pentru micul dejun sau deserturi rafinate.","jetpack_sharing_enabled":true,"tiered_pricing_type":"fixed","tiered_pricing_fixed_rules":[],"tiered_pricing_product_settings":{"layout":"default","base_unit_name":{"singular":null,"plural":null},"default_variation":null},"tiered_pricing_minimum_quantity":null,"tiered_pricing_roles_data":[],"tiered_pricing_percentage_rules":[],"_links":{"self":[{"href":"https:\/\/safala.ro\/en\/wp-json\/wp\/v2\/product\/1658","targetHints":{"allow":["GET"]}}],"collection":[{"href":"https:\/\/safala.ro\/en\/wp-json\/wp\/v2\/product"}],"about":[{"href":"https:\/\/safala.ro\/en\/wp-json\/wp\/v2\/types\/product"}],"replies":[{"embeddable":true,"href":"https:\/\/safala.ro\/en\/wp-json\/wp\/v2\/comments?post=1658"}],"wp:featuredmedia":[{"embeddable":true,"href":"https:\/\/safala.ro\/en\/wp-json\/wp\/v2\/media\/1660"}],"wp:attachment":[{"href":"https:\/\/safala.ro\/en\/wp-json\/wp\/v2\/media?parent=1658"}],"wp:term":[{"taxonomy":"product_brand","embeddable":true,"href":"https:\/\/safala.ro\/en\/wp-json\/wp\/v2\/product_brand?post=1658"},{"taxonomy":"product_cat","embeddable":true,"href":"https:\/\/safala.ro\/en\/wp-json\/wp\/v2\/product_cat?post=1658"},{"taxonomy":"product_tag","embeddable":true,"href":"https:\/\/safala.ro\/en\/wp-json\/wp\/v2\/product_tag?post=1658"}],"curies":[{"name":"wp","href":"https:\/\/api.w.org\/{rel}","templated":true}]}}