{"id":128,"date":"2021-10-25T13:42:09","date_gmt":"2021-10-25T10:42:09","guid":{"rendered":"https:\/\/safala.ro\/?post_type=product&#038;p=128"},"modified":"2026-03-26T00:22:34","modified_gmt":"2026-03-25T22:22:34","slug":"alune-vrac","status":"publish","type":"product","link":"https:\/\/safala.ro\/en\/product\/alune-vrac\/","title":{"rendered":"Stoc epuizat :( Alune de p\u0103dure \u00een coaj\u0103 1kg"},"content":{"rendered":"<p>Hazelnuts contain important active substances, such as calcium, phosphorus, magnesium, potassium and iron, as well as vitamins, with plenty of nutrition and high energy value.<\/p>\n<p>They are also an excellent source of Vitamin E, which helps the body fight against aging and diseases. Rich in elements improving the cerebral and cognitive functions, they stimulate the brain\u2019s function. We therefore recommend the use of fresh hazelnuts.<\/p>","protected":false},"excerpt":{"rendered":"<p>Hazelnuts contain important active substances, such as calcium, phosphorus, magnesium, potassium and iron, as well as vitamins, with plenty of nutrition and high energy value.<\/p>","protected":false},"featured_media":129,"comment_status":"open","ping_status":"closed","template":"","meta":{"_acf_changed":false,"_uag_custom_page_level_css":""},"product_brand":[],"product_cat":[17],"product_tag":[28,26,27,25,23,22],"class_list":{"0":"post-128","1":"product","2":"type-product","3":"status-publish","4":"has-post-thumbnail","6":"product_cat-fructe-proaspete","7":"product_tag-alune","8":"product_tag-en","9":"product_tag-engros","10":"product_tag-gros","11":"product_tag-kilogram","12":"product_tag-vrac","14":"first","15":"outofstock","16":"taxable","17":"shipping-taxable","18":"purchasable","19":"product-type-simple"},"acf":[],"uagb_featured_image_src":{"full":["https:\/\/safala.ro\/wp-content\/uploads\/2021\/10\/alune-vrac.jpg",800,800,false],"thumbnail":["https:\/\/safala.ro\/wp-content\/uploads\/2021\/10\/alune-vrac-150x150.jpg",150,150,true],"medium":["https:\/\/safala.ro\/wp-content\/uploads\/2021\/10\/alune-vrac-300x300.jpg",300,300,true],"medium_large":["https:\/\/safala.ro\/wp-content\/uploads\/2021\/10\/alune-vrac-768x768.jpg",768,768,true],"large":["https:\/\/safala.ro\/wp-content\/uploads\/2021\/10\/alune-vrac.jpg",800,800,false],"1536x1536":["https:\/\/safala.ro\/wp-content\/uploads\/2021\/10\/alune-vrac.jpg",800,800,false],"2048x2048":["https:\/\/safala.ro\/wp-content\/uploads\/2021\/10\/alune-vrac.jpg",800,800,false],"trp-custom-language-flag":["https:\/\/safala.ro\/wp-content\/uploads\/2021\/10\/alune-vrac-12x12.jpg",12,12,true],"post-thumbnail":["https:\/\/safala.ro\/wp-content\/uploads\/2021\/10\/alune-vrac-800x510.jpg",800,510,true],"frontPage-banner":["https:\/\/safala.ro\/wp-content\/uploads\/2021\/10\/alune-vrac-580x250.jpg",580,250,true],"listing_blog":["https:\/\/safala.ro\/wp-content\/uploads\/2021\/10\/alune-vrac.jpg",430,430,false],"woocommerce_thumbnail":["https:\/\/safala.ro\/wp-content\/uploads\/2021\/10\/alune-vrac-280x280.jpg",280,280,true],"woocommerce_single":["https:\/\/safala.ro\/wp-content\/uploads\/2021\/10\/alune-vrac-600x600.jpg",600,600,true],"woocommerce_gallery_thumbnail":["https:\/\/safala.ro\/wp-content\/uploads\/2021\/10\/alune-vrac-100x100.jpg",100,100,true]},"uagb_author_info":{"display_name":"Baciu Iulian","author_link":"#"},"uagb_comment_info":0,"uagb_excerpt":"Alunele de p\u0103dure con\u021bin substan\u021be active importante, precum calciu, fosfor, magneziu, potasiu \u0219i fier, c\u00e2t \u0219i vitamine fiind foarte nutritive \u0219i cu o valoare energetic\u0103 mare.","jetpack_sharing_enabled":true,"tiered_pricing_type":"fixed","tiered_pricing_fixed_rules":[],"tiered_pricing_product_settings":{"layout":"default","base_unit_name":{"singular":null,"plural":null},"default_variation":null},"tiered_pricing_minimum_quantity":null,"tiered_pricing_roles_data":[],"tiered_pricing_percentage_rules":[],"_links":{"self":[{"href":"https:\/\/safala.ro\/en\/wp-json\/wp\/v2\/product\/128","targetHints":{"allow":["GET"]}}],"collection":[{"href":"https:\/\/safala.ro\/en\/wp-json\/wp\/v2\/product"}],"about":[{"href":"https:\/\/safala.ro\/en\/wp-json\/wp\/v2\/types\/product"}],"replies":[{"embeddable":true,"href":"https:\/\/safala.ro\/en\/wp-json\/wp\/v2\/comments?post=128"}],"wp:featuredmedia":[{"embeddable":true,"href":"https:\/\/safala.ro\/en\/wp-json\/wp\/v2\/media\/129"}],"wp:attachment":[{"href":"https:\/\/safala.ro\/en\/wp-json\/wp\/v2\/media?parent=128"}],"wp:term":[{"taxonomy":"product_brand","embeddable":true,"href":"https:\/\/safala.ro\/en\/wp-json\/wp\/v2\/product_brand?post=128"},{"taxonomy":"product_cat","embeddable":true,"href":"https:\/\/safala.ro\/en\/wp-json\/wp\/v2\/product_cat?post=128"},{"taxonomy":"product_tag","embeddable":true,"href":"https:\/\/safala.ro\/en\/wp-json\/wp\/v2\/product_tag?post=128"}],"curies":[{"name":"wp","href":"https:\/\/api.w.org\/{rel}","templated":true}]}}