{"id":1265,"date":"2025-03-25T17:10:50","date_gmt":"2025-03-25T15:10:50","guid":{"rendered":"https:\/\/www.safala.ro\/?post_type=product&#038;p=1265"},"modified":"2026-03-17T13:29:06","modified_gmt":"2026-03-17T11:29:06","slug":"crema-de-alune-cu-ciocolata-amaruie-300g","status":"publish","type":"product","link":"https:\/\/safala.ro\/en\/product\/crema-de-alune-cu-ciocolata-amaruie-300g\/","title":{"rendered":"Hazelnut cream with bitter chocolate, 300g"},"content":{"rendered":"<p>Hazelnut cream with bitter chocolate, 300g<\/p>\n<p>&nbsp;<\/p>\n<p>Pentru iubitorii de ciocolat\u0103 intens\u0103, crema de alune cu ciocolat\u0103 neagr\u0103 este alegerea perfect\u0103! Aceast\u0103 combina\u021bie rafinat\u0103 aduce \u00eempreun\u0103 aroma bogat\u0103 a alunelor coapte u\u0219or \u0219i profunzimea gustului de ciocolat\u0103 neagr\u0103 premium. Cu un con\u021binut ridicat de cacao, acest amestec sofisticat este at\u00e2t o surs\u0103 de energie, c\u00e2t \u0219i un deliciu care satisface cele mai rafinate pofte.<\/p>\n<p>Perfect\u0103 pentru deserturi gourmet, dar la fel de bun\u0103 savurat\u0103 simplu, cu linguri\u021ba.<\/p>","protected":false},"excerpt":{"rendered":"<p>Alune coapte u\u0219or \u0219i ciocolat\u0103 neagr\u0103 intens\u0103 \u00eentr-un mix rafinat. O alegere sofisticat\u0103 pentru iubitorii de ciocolat\u0103 cu caracter.<\/p>","protected":false},"featured_media":1266,"comment_status":"open","ping_status":"closed","template":"","meta":{"_acf_changed":false,"_uag_custom_page_level_css":""},"product_brand":[],"product_cat":[19],"product_tag":[],"class_list":{"0":"post-1265","1":"product","2":"type-product","3":"status-publish","4":"has-post-thumbnail","6":"product_cat-produse-din-alune","8":"first","9":"instock","10":"featured","11":"taxable","12":"shipping-taxable","13":"purchasable","14":"product-type-simple"},"acf":[],"uagb_featured_image_src":{"full":["https:\/\/safala.ro\/wp-content\/uploads\/2025\/03\/Crema-Ciocolate-amaruie-300-copy.jpg",800,800,false],"thumbnail":["https:\/\/safala.ro\/wp-content\/uploads\/2025\/03\/Crema-Ciocolate-amaruie-300-copy-150x150.jpg",150,150,true],"medium":["https:\/\/safala.ro\/wp-content\/uploads\/2025\/03\/Crema-Ciocolate-amaruie-300-copy-300x300.jpg",300,300,true],"medium_large":["https:\/\/safala.ro\/wp-content\/uploads\/2025\/03\/Crema-Ciocolate-amaruie-300-copy-768x768.jpg",768,768,true],"large":["https:\/\/safala.ro\/wp-content\/uploads\/2025\/03\/Crema-Ciocolate-amaruie-300-copy.jpg",800,800,false],"1536x1536":["https:\/\/safala.ro\/wp-content\/uploads\/2025\/03\/Crema-Ciocolate-amaruie-300-copy.jpg",800,800,false],"2048x2048":["https:\/\/safala.ro\/wp-content\/uploads\/2025\/03\/Crema-Ciocolate-amaruie-300-copy.jpg",800,800,false],"trp-custom-language-flag":["https:\/\/safala.ro\/wp-content\/uploads\/2025\/03\/Crema-Ciocolate-amaruie-300-copy-12x12.jpg",12,12,true],"post-thumbnail":["https:\/\/safala.ro\/wp-content\/uploads\/2025\/03\/Crema-Ciocolate-amaruie-300-copy-800x510.jpg",800,510,true],"frontPage-banner":["https:\/\/safala.ro\/wp-content\/uploads\/2025\/03\/Crema-Ciocolate-amaruie-300-copy-580x250.jpg",580,250,true],"listing_blog":["https:\/\/safala.ro\/wp-content\/uploads\/2025\/03\/Crema-Ciocolate-amaruie-300-copy-770x430.jpg",770,430,true],"woocommerce_thumbnail":["https:\/\/safala.ro\/wp-content\/uploads\/2025\/03\/Crema-Ciocolate-amaruie-300-copy-280x280.jpg",280,280,true],"woocommerce_single":["https:\/\/safala.ro\/wp-content\/uploads\/2025\/03\/Crema-Ciocolate-amaruie-300-copy-600x600.jpg",600,600,true],"woocommerce_gallery_thumbnail":["https:\/\/safala.ro\/wp-content\/uploads\/2025\/03\/Crema-Ciocolate-amaruie-300-copy-100x100.jpg",100,100,true]},"uagb_author_info":{"display_name":"Safala Admin","author_link":"#"},"uagb_comment_info":0,"uagb_excerpt":"Alune coapte u\u0219or \u0219i ciocolat\u0103 neagr\u0103 intens\u0103 \u00eentr-un mix rafinat. O alegere sofisticat\u0103 pentru iubitorii de ciocolat\u0103 cu caracter.","jetpack_sharing_enabled":true,"tiered_pricing_type":"fixed","tiered_pricing_fixed_rules":[],"tiered_pricing_product_settings":{"layout":"default","base_unit_name":{"singular":null,"plural":null},"default_variation":null},"tiered_pricing_minimum_quantity":null,"tiered_pricing_roles_data":[],"tiered_pricing_percentage_rules":[],"_links":{"self":[{"href":"https:\/\/safala.ro\/en\/wp-json\/wp\/v2\/product\/1265","targetHints":{"allow":["GET"]}}],"collection":[{"href":"https:\/\/safala.ro\/en\/wp-json\/wp\/v2\/product"}],"about":[{"href":"https:\/\/safala.ro\/en\/wp-json\/wp\/v2\/types\/product"}],"replies":[{"embeddable":true,"href":"https:\/\/safala.ro\/en\/wp-json\/wp\/v2\/comments?post=1265"}],"wp:featuredmedia":[{"embeddable":true,"href":"https:\/\/safala.ro\/en\/wp-json\/wp\/v2\/media\/1266"}],"wp:attachment":[{"href":"https:\/\/safala.ro\/en\/wp-json\/wp\/v2\/media?parent=1265"}],"wp:term":[{"taxonomy":"product_brand","embeddable":true,"href":"https:\/\/safala.ro\/en\/wp-json\/wp\/v2\/product_brand?post=1265"},{"taxonomy":"product_cat","embeddable":true,"href":"https:\/\/safala.ro\/en\/wp-json\/wp\/v2\/product_cat?post=1265"},{"taxonomy":"product_tag","embeddable":true,"href":"https:\/\/safala.ro\/en\/wp-json\/wp\/v2\/product_tag?post=1265"}],"curies":[{"name":"wp","href":"https:\/\/api.w.org\/{rel}","templated":true}]}}