{"id":1119,"date":"2025-02-25T19:11:38","date_gmt":"2025-02-25T17:11:38","guid":{"rendered":"https:\/\/www.safala.ro\/?post_type=product&#038;p=1119"},"modified":"2026-02-25T09:15:18","modified_gmt":"2026-02-25T07:15:18","slug":"alune-de-padure-coapte-invelite-in-ciocolata-fara-zahar-140g","status":"publish","type":"product","link":"https:\/\/safala.ro\/en\/product\/alune-de-padure-coapte-invelite-in-ciocolata-fara-zahar-140g\/","title":{"rendered":"Baked hazelnuts coated in sugar-free chocolate, 140g"},"content":{"rendered":"<h4 data-start=\"743\" data-end=\"766\">\u2705 <strong data-start=\"750\" data-end=\"764\">Beneficii:<\/strong><\/h4>\n<p data-start=\"767\" data-end=\"1042\">\ud83c\udf6b F\u0103r\u0103 zah\u0103r ad\u0103ugat \u2013 Ideal pentru diabetici sau pentru cei ce evit\u0103 zah\u0103rul rafinat.<br data-start=\"854\" data-end=\"857\" \/>\ud83e\udd5c Surs\u0103 natural\u0103 de proteine \u0219i gr\u0103simi s\u0103n\u0103toase din alune.<br data-start=\"918\" data-end=\"921\" \/>\ud83c\udf31 F\u0103r\u0103 conservan\u021bi \u0219i coloran\u021bi artificiali.<br data-start=\"966\" data-end=\"969\" \/>\ud83c\udf0d Ambalaj eco-friendly \u2013 Perfect pentru gust\u0103ri din mers sau la birou.<\/p>\n<h4 data-start=\"1044\" data-end=\"1070\">\ud83d\udcdd <strong data-start=\"1052\" data-end=\"1068\">Ingrediente:<\/strong><\/h4>\n<p data-start=\"1071\" data-end=\"1234\">Alune de p\u0103dure coapte (70%), ciocolat\u0103 f\u0103r\u0103 zah\u0103r (30%) \u2013 \u00eendulcit\u0103 cu \u00eendulcitori naturali (maltitol).<\/p>\n<h4 data-start=\"1236\" data-end=\"1277\">\ud83d\udce6 <strong data-start=\"1244\" data-end=\"1275\">Valori nutri\u021bionale (100g):<\/strong><\/h4>\n<ul data-start=\"1278\" data-end=\"1448\">\n<li data-start=\"1278\" data-end=\"1298\">Energie: 550 kcal<\/li>\n<li data-start=\"1299\" data-end=\"1317\">Proteine: 12 g<\/li>\n<li data-start=\"1318\" data-end=\"1369\">Gr\u0103simi: 45 g (din care gr\u0103simi saturate: 15 g)<\/li>\n<li data-start=\"1370\" data-end=\"1417\">Carbohidra\u021bi:\u00a0 30g\n<ul data-start=\"1278\" data-end=\"1448\">\n<li data-start=\"1370\" data-end=\"1417\">din care zaharuri: 0 g<\/li>\n<li data-start=\"1370\" data-end=\"1417\">din care polioli (maltitol): 24 g<\/li>\n<\/ul>\n<\/li>\n<li data-start=\"1418\" data-end=\"1433\">Fibre: 10 g<\/li>\n<li data-start=\"1434\" data-end=\"1448\">Sare: 0.01 g<\/li>\n<\/ul>\n<h4 data-start=\"1450\" data-end=\"1483\">\ud83d\udd52 <strong data-start=\"1458\" data-end=\"1481\">Cum le po\u021bi savura?<\/strong><\/h4>\n<p data-start=\"1484\" data-end=\"1614\">\u2705 Gustare s\u0103n\u0103toas\u0103 \u00eentre mese<br data-start=\"1514\" data-end=\"1517\" \/>\u2705 Ad\u0103ugate \u00een cereale sau iaurt pentru un mic dejun energizant<br data-start=\"1579\" data-end=\"1582\" \/>\u2705 Cadou dulce pentru cei dragi<\/p>","protected":false},"excerpt":{"rendered":"<p data-start=\"248\" data-end=\"316\">\u2728 <strong data-start=\"250\" data-end=\"312\">R\u0103sfa\u021b\u0103-\u021bi sim\u021burile cu o gustare s\u0103n\u0103toas\u0103 \u0219i delicioas\u0103!<\/strong> \u2728<\/p>\n<p data-start=\"318\" data-end=\"741\">Bucur\u0103-te de combina\u021bia perfect\u0103 dintre crocantul alunelor de p\u0103dure coapte \u0219i fine\u021bea ciocolatei f\u0103r\u0103 zah\u0103r. Fiecare alun\u0103 este atent selec\u021bionat\u0103, coapt\u0103 cu aer fierbinte pentru a-i eviden\u021bia aroma natural\u0103, apoi acoperit\u0103 cu un strat generos de ciocolat\u0103 premium f\u0103r\u0103 adaos de zah\u0103r. Rezultatul? O gustare delicioas\u0103, potrivit\u0103 at\u00e2t pentru momentele de r\u0103sf\u0103\u021b, c\u00e2t \u0219i pentru cei care \u00ee\u0219i doresc s\u0103 men\u021bin\u0103 un stil de via\u021b\u0103 echilibrat.<\/p>\n<p data-start=\"318\" data-end=\"741\">\ud83d\udd14 <strong data-start=\"1624\" data-end=\"1736\">Comand\u0103 acum \u0219i bucur\u0103-te de gustul autentic al alunelor de p\u0103dure coapte \u00eenv\u0103luite \u00een ciocolat\u0103 f\u0103r\u0103 zah\u0103r!<\/strong> \ud83d\uded2<\/p>","protected":false},"featured_media":1212,"comment_status":"open","ping_status":"closed","template":"","meta":{"_acf_changed":false,"_uag_custom_page_level_css":""},"product_brand":[],"product_cat":[19],"product_tag":[],"class_list":{"0":"post-1119","1":"product","2":"type-product","3":"status-publish","4":"has-post-thumbnail","6":"product_cat-produse-din-alune","8":"first","9":"instock","10":"taxable","11":"shipping-taxable","12":"purchasable","13":"product-type-simple"},"acf":[],"uagb_featured_image_src":{"full":["https:\/\/safala.ro\/wp-content\/uploads\/2025\/02\/Alune-Ciocolata-fara-zahar-copy.jpg",800,800,false],"thumbnail":["https:\/\/safala.ro\/wp-content\/uploads\/2025\/02\/Alune-Ciocolata-fara-zahar-copy-150x150.jpg",150,150,true],"medium":["https:\/\/safala.ro\/wp-content\/uploads\/2025\/02\/Alune-Ciocolata-fara-zahar-copy-300x300.jpg",300,300,true],"medium_large":["https:\/\/safala.ro\/wp-content\/uploads\/2025\/02\/Alune-Ciocolata-fara-zahar-copy-768x768.jpg",768,768,true],"large":["https:\/\/safala.ro\/wp-content\/uploads\/2025\/02\/Alune-Ciocolata-fara-zahar-copy.jpg",800,800,false],"1536x1536":["https:\/\/safala.ro\/wp-content\/uploads\/2025\/02\/Alune-Ciocolata-fara-zahar-copy.jpg",800,800,false],"2048x2048":["https:\/\/safala.ro\/wp-content\/uploads\/2025\/02\/Alune-Ciocolata-fara-zahar-copy.jpg",800,800,false],"trp-custom-language-flag":["https:\/\/safala.ro\/wp-content\/uploads\/2025\/02\/Alune-Ciocolata-fara-zahar-copy-12x12.jpg",12,12,true],"post-thumbnail":["https:\/\/safala.ro\/wp-content\/uploads\/2025\/02\/Alune-Ciocolata-fara-zahar-copy-800x510.jpg",800,510,true],"frontPage-banner":["https:\/\/safala.ro\/wp-content\/uploads\/2025\/02\/Alune-Ciocolata-fara-zahar-copy-580x250.jpg",580,250,true],"listing_blog":["https:\/\/safala.ro\/wp-content\/uploads\/2025\/02\/Alune-Ciocolata-fara-zahar-copy-770x430.jpg",770,430,true],"woocommerce_thumbnail":["https:\/\/safala.ro\/wp-content\/uploads\/2025\/02\/Alune-Ciocolata-fara-zahar-copy-280x280.jpg",280,280,true],"woocommerce_single":["https:\/\/safala.ro\/wp-content\/uploads\/2025\/02\/Alune-Ciocolata-fara-zahar-copy-600x600.jpg",600,600,true],"woocommerce_gallery_thumbnail":["https:\/\/safala.ro\/wp-content\/uploads\/2025\/02\/Alune-Ciocolata-fara-zahar-copy-100x100.jpg",100,100,true]},"uagb_author_info":{"display_name":"Safala Admin","author_link":"#"},"uagb_comment_info":0,"uagb_excerpt":"\u2728 R\u0103sfa\u021b\u0103-\u021bi sim\u021burile cu o gustare s\u0103n\u0103toas\u0103 \u0219i delicioas\u0103! \u2728 Bucur\u0103-te de combina\u021bia perfect\u0103 dintre crocantul alunelor de p\u0103dure coapte \u0219i fine\u021bea ciocolatei f\u0103r\u0103 zah\u0103r. Fiecare alun\u0103 este atent selec\u021bionat\u0103, coapt\u0103 cu aer fierbinte pentru a-i eviden\u021bia aroma natural\u0103, apoi acoperit\u0103 cu un strat generos de ciocolat\u0103 premium f\u0103r\u0103 adaos de zah\u0103r. Rezultatul? O gustare&hellip;","jetpack_sharing_enabled":true,"tiered_pricing_type":"fixed","tiered_pricing_fixed_rules":[],"tiered_pricing_product_settings":{"layout":"default","base_unit_name":{"singular":null,"plural":null},"default_variation":null},"tiered_pricing_minimum_quantity":null,"tiered_pricing_roles_data":[],"tiered_pricing_percentage_rules":[],"_links":{"self":[{"href":"https:\/\/safala.ro\/en\/wp-json\/wp\/v2\/product\/1119","targetHints":{"allow":["GET"]}}],"collection":[{"href":"https:\/\/safala.ro\/en\/wp-json\/wp\/v2\/product"}],"about":[{"href":"https:\/\/safala.ro\/en\/wp-json\/wp\/v2\/types\/product"}],"replies":[{"embeddable":true,"href":"https:\/\/safala.ro\/en\/wp-json\/wp\/v2\/comments?post=1119"}],"wp:featuredmedia":[{"embeddable":true,"href":"https:\/\/safala.ro\/en\/wp-json\/wp\/v2\/media\/1212"}],"wp:attachment":[{"href":"https:\/\/safala.ro\/en\/wp-json\/wp\/v2\/media?parent=1119"}],"wp:term":[{"taxonomy":"product_brand","embeddable":true,"href":"https:\/\/safala.ro\/en\/wp-json\/wp\/v2\/product_brand?post=1119"},{"taxonomy":"product_cat","embeddable":true,"href":"https:\/\/safala.ro\/en\/wp-json\/wp\/v2\/product_cat?post=1119"},{"taxonomy":"product_tag","embeddable":true,"href":"https:\/\/safala.ro\/en\/wp-json\/wp\/v2\/product_tag?post=1119"}],"curies":[{"name":"wp","href":"https:\/\/api.w.org\/{rel}","templated":true}]}}